{"id":3,"date":"2022-03-16T18:30:44","date_gmt":"2022-03-16T17:30:44","guid":{"rendered":"http:\/\/cipollarocorporation.it\/ausonia\/?page_id=3"},"modified":"2023-09-25T17:09:41","modified_gmt":"2023-09-25T15:09:41","slug":"privacy-policy","status":"publish","type":"page","link":"https:\/\/cipollarocorporation.it\/ausonia\/privacy-policy\/","title":{"rendered":"Privacy Policy"},"content":{"rendered":"<p><strong>INFORMATIVA PRIVACY PER GLI UTENTI<\/strong><br>(GDPR \u2013 Maggio 2018, General Data Protection Regulation \u2013 Regolamento UE 2016\/679).<\/p><p>In questa pagina si descrivono le modalit\u00e0 di gestione del sito in riferimento al trattamento dei dati personali degli utenti che lo consultano.<br>Si tratta di un\u2019informativa che \u00e8 resa anche ai sensi dell\u2019art. 13 del Regolamento UE 2016\/679 \u2013 Regolamento generale sulla protezione dei dati a coloro che interagiscono con i servizi web cipollarocorporation.it, accessibili per via telematica a partire dall\u2019indirizzo:<br>www.cipollarocorporation.it \u2013 corrispondente alla pagina iniziale del sito ufficiale dedicato ai servizi dell&#8217;azienda.<br>L\u2019informativa \u00e8 resa solo per il sito di A.C. Cipollaro Corporation SRL e non anche per altri siti web eventualmente consultati dall\u2019utente tramite link.<br>L\u2019informativa si ispira anche alla Raccomandazione n. 2\/2001 che le autorit\u00e0 europee per la protezione dei dati personali, relativa ai requisiti minimi per la raccolta di dati personali on-line, e, in particolare, le modalit\u00e0, i tempi e la natura delle informazioni che i titolari del trattamento devono fornire agli utenti quando questi si collegano a pagine web, indipendentemente dagli scopi del collegamento.<br>La Raccomandazione 2\/2001 con la descrizione delle sue finalit\u00e0 sono riportate al seguente link del sito dell\u2019<a rel=\"noreferrer noopener\" href=\"http:\/\/Informativa Privacy per gli utenti (GDPR \u2013 Maggio 2018, General Data Protection Regulation \u2013 Regolamento UE 2016\/679). In questa pagina si descrivono le modalit\u00e0 di gestione del sito in riferimento al trattamento dei dati personali degli utenti che lo consultano. Si tratta di un'informativa che \u00e8 resa anche ai sensi dell'art. 13 del Regolamento UE 2016\/679 - Regolamento generale sulla protezione dei dati a coloro che interagiscono con i servizi web del Comune di Cellole, accessibili per via telematica a partire dall'indirizzo: www.comunedicellole.it - corrispondente alla pagina iniziale del sito ufficiale dell'Ente. L'informativa \u00e8 resa solo per il sito del Comune di Cellole e non anche per altri siti web eventualmente consultati dall'utente tramite link. L'informativa si ispira anche alla Raccomandazione n. 2\/2001 che le autorit\u00e0 europee per la protezione dei dati personali, relativa ai requisiti minimi per la raccolta di dati personali on-line, e, in particolare, le modalit\u00e0, i tempi e la natura delle informazioni che i titolari del trattamento devono fornire agli utenti quando questi si collegano a pagine web, indipendentemente dagli scopi del collegamento. La Raccomandazione 2\/2001 con la descrizione delle sue finalit\u00e0 sono riportate al seguente link del sito dell\u2019Autorit\u00e0 Garante dei Dati Personali: http:\/\/www.garanteprivacy.it\/web\/guest\/home\/docweb\/-\/docweb-display\/docweb\/1609845. IL\" target=\"_blank\">Autorit\u00e0 Garante dei Dati Personali<\/a>:<br>http:\/\/www.garanteprivacy.it\/web\/guest\/home\/docweb\/-\/docweb-display\/docweb\/1609845.<\/p><p><strong>IL \u201cTITOLARE\u201d E RESPONSABILE DEL TRATTAMENTO<\/strong><br>A seguito della consultazione di questo sito possono essere trattati dati relativi a persone identificate o identificabili.<br>Il \u201ctitolare\u201d del loro trattamento \u00e8 A.C. Cipollaro Corporation SRL , che ha sede in Cassino (FR), SS Formia \u2013 Cassino Km. 28400 cap. 03043.<\/p><p><strong>LUOGO DI TRATTAMENTO DEI DATI<\/strong><br>I trattamenti connessi ai servizi web di questo sito hanno luogo presso la predetta sede della A.C. Cipollaro Corporation SRL e sono curati solo da personale tecnico dell\u2019Ufficio incaricato del trattamento.\u00a0 In caso di necessit\u00e0, i dati connessi ad alcuni servizi, anche di tipo infrastrutturale, possono essere trattati dal personale della societ\u00e0 che cura la manutenzione della parte tecnologica del sito, presso la sede della societ\u00e0 medesima o per conto di questa presso l\u2019hoster del servizio.<\/p><p><strong>TIPI DI DATI TRATTATI<\/strong><br><strong>Dati di navigazione<\/strong><br>I sistemi informatici e le procedure software preposte al funzionamento di questo sito web acquisiscono, nel corso del loro normale esercizio, alcuni dati personali la cui trasmissione \u00e8 implicita nell\u2019uso dei protocolli di comunicazione di Internet.<br>Si tratta di informazioni che non sono raccolte per essere associate a interessati identificati, ma che per loro stessa natura potrebbero, attraverso elaborazioni ed associazioni con dati detenuti da terzi, permettere di identificare gli utenti.<br>In questa categoria di dati rientrano gli indirizzi IP o i nomi a dominio dei computer utilizzati dagli utenti che si connettono al sito, gli indirizzi in notazione URI (Uniform Resource Identifier) delle risorse richieste, l\u2019orario della richiesta, il metodo utilizzato nel sottoporre la richiesta al server, la dimensione del file ottenuto in risposta, il codice numerico indicante lo stato della risposta data dal server (buon fine, errore, ecc.) ed altri parametri relativi al sistema operativo e all\u2019ambiente informatico dell\u2019utente.<br>Questi dati vengono utilizzati al solo fine di ricavare informazioni statistiche anonime sull\u2019uso del sito e per controllarne il corretto funzionamento e vengono cancellati immediatamente dopo l\u2019elaborazione. I dati potrebbero essere utilizzati per l\u2019accertamento di responsabilit\u00e0 in caso di ipotetici reati informatici ai danni del sito: salva questa eventualit\u00e0, allo stato i dati sui contatti web non persistono per pi\u00f9 di sette giorni.<\/p><p><strong>Dati forniti volontariamente dall\u2019utente<\/strong><br>L\u2019invio facoltativo, esplicito e volontario di posta elettronica agli indirizzi indicati su questo sito comporta la successiva acquisizione dell\u2019indirizzo del mittente, necessario per rispondere alle richieste, nonch\u00e9 degli eventuali altri dati personali inseriti nella missiva.<br>Specifiche informative di sintesi verranno progressivamente riportate o visualizzate nelle pagine del sito predisposte per particolari servizi a richiesta.<\/p><p><strong>FACOLTATIVITA\u2019 DEL CONFERIMENTO DEI DATI<\/strong><br>A parte quanto specificato per i dati di navigazione, l\u2019utente \u00e8 libero di fornire i dati personali riportati nei moduli di richiesta a A.C. Cipollaro Corporation SRL o comunque indicati in contatti con gli Uffici per sollecitare l\u2019invio mail, di materiale informativo o di altre comunicazioni.<br>Il loro mancato conferimento pu\u00f2 comportare l\u2019impossibilit\u00e0 di ottenere quanto richiesto.<\/p><p><strong>MODALITA\u2019 DEL TRATTAMENTO<\/strong><br>I dati personali sono trattati con strumenti automatizzati per il tempo strettamente necessario a conseguire gli scopi per cui sono stati raccolti.<br>Specifiche misure di sicurezza sono osservate, nel rispetto dell\u2019art. 30 del Regolamento UE 2016\/679, per prevenire la perdita dei dati, usi illeciti o non corretti ed accessi non autorizzati.<\/p><p><strong>DIRITTI DEGLI INTERESSATI<\/strong><br>I soggetti cui si riferiscono i dati personali hanno il diritto in qualunque momento di ottenere la conferma dell\u2019esistenza o meno dei medesimi dati e di conoscerne il contenuto e l\u2019origine, verificarne l\u2019esattezza o chiederne l\u2019integrazione e la rettifica (artt. 15, 16 del Regolamento UE 2016\/679).<br>Gli Interessati hanno, inoltre diritto il diritto di chiedere la cancellazione, la limitazione o il blocco dei dati trattati in violazione di legge, nonch\u00e9 di opporsi in ogni caso, per motivi legittimi, al loro trattamento secondo quanto previsto dagli artt. 17, 18 del Regolamento UE 2016\/679<br>Le richieste vanno rivolte al Responsabile per la Protezione dei Dati Personali (RDP) designato dall\u2019Ente ai sensi degli artt. 37-39 del Regolamento Europeo 679\/2016: via e-mail, all\u2019indirizzo: <a href=\"mailto:amministrazione@cipollarocorporation.it\">amministrazione@cipollarocorporation.it<\/a><\/p>","protected":false},"excerpt":{"rendered":"<p>INFORMATIVA PRIVACY PER GLI UTENTI(GDPR \u2013 Maggio 2018, General Data Protection Regulation \u2013 Regolamento UE 2016\/679). In questa pagina si descrivono le modalit\u00e0 di gestione del sito in riferimento al trattamento dei dati personali degli utenti che lo consultano.Si tratta di un\u2019informativa che \u00e8 resa anche ai sensi dell\u2019art. 13 del Regolamento UE 2016\/679 \u2013 [&hellip;]<\/p>\n","protected":false},"author":1,"featured_media":0,"parent":0,"menu_order":0,"comment_status":"closed","ping_status":"open","template":"","meta":{"_seopress_robots_primary_cat":"","_seopress_titles_title":"","_seopress_titles_desc":"","_seopress_robots_index":"","ocean_post_layout":"","ocean_both_sidebars_style":"","ocean_both_sidebars_content_width":0,"ocean_both_sidebars_sidebars_width":0,"ocean_sidebar":"","ocean_second_sidebar":"","ocean_disable_margins":"enable","ocean_add_body_class":"","ocean_shortcode_before_top_bar":"","ocean_shortcode_after_top_bar":"","ocean_shortcode_before_header":"","ocean_shortcode_after_header":"","ocean_has_shortcode":"","ocean_shortcode_after_title":"","ocean_shortcode_before_footer_widgets":"","ocean_shortcode_after_footer_widgets":"","ocean_shortcode_before_footer_bottom":"","ocean_shortcode_after_footer_bottom":"","ocean_display_top_bar":"default","ocean_display_header":"default","ocean_header_style":"","ocean_center_header_left_menu":"","ocean_custom_header_template":"","ocean_custom_logo":0,"ocean_custom_retina_logo":0,"ocean_custom_logo_max_width":0,"ocean_custom_logo_tablet_max_width":0,"ocean_custom_logo_mobile_max_width":0,"ocean_custom_logo_max_height":0,"ocean_custom_logo_tablet_max_height":0,"ocean_custom_logo_mobile_max_height":0,"ocean_header_custom_menu":"","ocean_menu_typo_font_family":"","ocean_menu_typo_font_subset":"","ocean_menu_typo_font_size":0,"ocean_menu_typo_font_size_tablet":0,"ocean_menu_typo_font_size_mobile":0,"ocean_menu_typo_font_size_unit":"px","ocean_menu_typo_font_weight":"","ocean_menu_typo_font_weight_tablet":"","ocean_menu_typo_font_weight_mobile":"","ocean_menu_typo_transform":"","ocean_menu_typo_transform_tablet":"","ocean_menu_typo_transform_mobile":"","ocean_menu_typo_line_height":0,"ocean_menu_typo_line_height_tablet":0,"ocean_menu_typo_line_height_mobile":0,"ocean_menu_typo_line_height_unit":"","ocean_menu_typo_spacing":0,"ocean_menu_typo_spacing_tablet":0,"ocean_menu_typo_spacing_mobile":0,"ocean_menu_typo_spacing_unit":"","ocean_menu_link_color":"","ocean_menu_link_color_hover":"","ocean_menu_link_color_active":"","ocean_menu_link_background":"","ocean_menu_link_hover_background":"","ocean_menu_link_active_background":"","ocean_menu_social_links_bg":"","ocean_menu_social_hover_links_bg":"","ocean_menu_social_links_color":"","ocean_menu_social_hover_links_color":"","ocean_disable_title":"default","ocean_disable_heading":"default","ocean_post_title":"","ocean_post_subheading":"","ocean_post_title_style":"","ocean_post_title_background_color":"","ocean_post_title_background":0,"ocean_post_title_bg_image_position":"","ocean_post_title_bg_image_attachment":"","ocean_post_title_bg_image_repeat":"","ocean_post_title_bg_image_size":"","ocean_post_title_height":0,"ocean_post_title_bg_overlay":0.5,"ocean_post_title_bg_overlay_color":"","ocean_disable_breadcrumbs":"default","ocean_breadcrumbs_color":"","ocean_breadcrumbs_separator_color":"","ocean_breadcrumbs_links_color":"","ocean_breadcrumbs_links_hover_color":"","ocean_display_footer_widgets":"default","ocean_display_footer_bottom":"default","ocean_custom_footer_template":"","footnotes":""},"class_list":["post-3","page","type-page","status-publish","hentry","entry","owp-thumbs-layout-horizontal","owp-btn-very-big","owp-tabs-layout-horizontal","has-no-thumbnails","has-product-nav"],"_links":{"self":[{"href":"https:\/\/cipollarocorporation.it\/ausonia\/wp-json\/wp\/v2\/pages\/3","targetHints":{"allow":["GET"]}}],"collection":[{"href":"https:\/\/cipollarocorporation.it\/ausonia\/wp-json\/wp\/v2\/pages"}],"about":[{"href":"https:\/\/cipollarocorporation.it\/ausonia\/wp-json\/wp\/v2\/types\/page"}],"author":[{"embeddable":true,"href":"https:\/\/cipollarocorporation.it\/ausonia\/wp-json\/wp\/v2\/users\/1"}],"replies":[{"embeddable":true,"href":"https:\/\/cipollarocorporation.it\/ausonia\/wp-json\/wp\/v2\/comments?post=3"}],"version-history":[{"count":1,"href":"https:\/\/cipollarocorporation.it\/ausonia\/wp-json\/wp\/v2\/pages\/3\/revisions"}],"predecessor-version":[{"id":3186,"href":"https:\/\/cipollarocorporation.it\/ausonia\/wp-json\/wp\/v2\/pages\/3\/revisions\/3186"}],"wp:attachment":[{"href":"https:\/\/cipollarocorporation.it\/ausonia\/wp-json\/wp\/v2\/media?parent=3"}],"curies":[{"name":"wp","href":"https:\/\/api.w.org\/{rel}","templated":true}]}}